{"id":34,"date":"2024-08-04T07:40:54","date_gmt":"2024-08-04T07:40:54","guid":{"rendered":"https:\/\/themexriver.com\/wp\/indsro\/?page_id=34"},"modified":"2025-11-13T13:52:32","modified_gmt":"2025-11-13T16:52:32","slug":"projetos","status":"publish","type":"page","link":"https:\/\/platner.com.br\/aco\/projetos\/","title":{"rendered":"Projetos"},"content":{"rendered":"\t\t<div data-elementor-type=\"wp-page\" data-elementor-id=\"34\" class=\"elementor elementor-34\" data-elementor-post-type=\"page\">\n\t\t\t\t\t\t<section class=\"elementor-section elementor-top-section elementor-element elementor-element-0dde43f elementor-section-boxed elementor-section-height-default elementor-section-height-default\" data-id=\"0dde43f\" data-element_type=\"section\">\n\t\t\t\t\t\t<div class=\"elementor-container elementor-column-gap-default\">\n\t\t\t\t\t<div class=\"elementor-column elementor-col-100 elementor-top-column elementor-element elementor-element-9e00a07\" data-id=\"9e00a07\" data-element_type=\"column\">\n\t\t\t<div class=\"elementor-widget-wrap elementor-element-populated\">\n\t\t\t\t\t\t<div class=\"elementor-element elementor-element-c5bda4a elementor-widget elementor-widget-tx_heading elh-el tx_heading\" data-id=\"c5bda4a\" data-element_type=\"widget\" data-settings=\"{&quot;design_style&quot;:&quot;style_1&quot;}\" data-widget_type=\"tx_heading.default\">\n\t\t\t\t<div class=\"elementor-widget-container\">\n\t\t\t\t\t<div class=\"services-title-wrap tx-heading-section\">\r\n        <h5 class=\"fti-subtitle-4 tx-subTitle\">Solu\u00e7\u00f5es\n<\/h5>\r\n    <h2 class=\"tx-title fti-section-title-4 fti-split-text fti-split-in-right-4 \">Para atender as necessidades individuais de cada empreendimento.<\/h2>    <\/div>\t\t\t\t<\/div>\n\t\t\t\t<\/div>\n\t\t\t\t\t<\/div>\n\t\t<\/div>\n\t\t\t\t\t<\/div>\n\t\t<\/section>\n\t\t\t\t<section class=\"elementor-section elementor-top-section elementor-element elementor-element-4518c03 elementor-section-boxed elementor-section-height-default elementor-section-height-default\" data-id=\"4518c03\" data-element_type=\"section\">\n\t\t\t\t\t\t<div class=\"elementor-container elementor-column-gap-custom\">\n\t\t\t\t\t<div class=\"elementor-column elementor-col-33 elementor-top-column elementor-element elementor-element-560a2fa\" data-id=\"560a2fa\" data-element_type=\"column\">\n\t\t\t<div class=\"elementor-widget-wrap elementor-element-populated\">\n\t\t\t\t\t\t<div class=\"elementor-element elementor-element-9d2270d elementor-widget elementor-widget-tx_info_box elh-el tx_info_box\" data-id=\"9d2270d\" data-element_type=\"widget\" data-settings=\"{&quot;design_style&quot;:&quot;style_1&quot;}\" data-widget_type=\"tx_info_box.default\">\n\t\t\t\t<div class=\"elementor-widget-container\">\n\t\t\t\t\t<div class=\"fti-project-4-card tx-infoBox none\">\r\n        <div class=\"main-img img-cover\">\r\n        <img decoding=\"async\" src=\"https:\/\/platner.com.br\/aco\/wp-content\/uploads\/2025\/11\/barracao.jpg\"\r\n        alt=\"barracao\" \/>\r\n    <\/div>\r\n        <div class=\"content\">\r\n                <h4 class=\"fti-heading-3 project-title\">\r\n            <a\r\n                href=\"https:\/\/platner.com.br\/aco\/services\/barracoes-e-galpoes-metalicos\/\"\r\n                target=\"_self\"\r\n                rel= \"\"\r\n                aria-label=\"Barrac\u00f5es e Galp\u00f5es Met\u00e1licos\">\r\n                Barrac\u00f5es e Galp\u00f5es Met\u00e1licos            <\/a>\r\n        <\/h4>\r\n        \r\n                <p class=\"fti-para-4 disc tx-description\">Os barrac\u00f5es met\u00e1licos s\u00e3o a op\u00e7\u00e3o mais econ\u00f4mica e r\u00e1pida<\/p>\r\n            <\/div>\r\n\r\n        <div class=\"btn-wrap\">\r\n        <a href=\"https:\/\/platner.com.br\/aco\/services\/barracoes-e-galpoes-metalicos\/\" class=\"btn\">\r\n            <span class=\"icon\">\r\n                <i aria-hidden=\"true\" class=\"flaticon flaticon-up-right\"><\/i>            <\/span>\r\n        <\/a>\r\n    <\/div>\r\n    <\/div>\t\t\t\t<\/div>\n\t\t\t\t<\/div>\n\t\t\t\t\t<\/div>\n\t\t<\/div>\n\t\t\t\t<div class=\"elementor-column elementor-col-33 elementor-top-column elementor-element elementor-element-534b709\" data-id=\"534b709\" data-element_type=\"column\">\n\t\t\t<div class=\"elementor-widget-wrap elementor-element-populated\">\n\t\t\t\t\t\t<div class=\"elementor-element elementor-element-5a727d1 elementor-widget elementor-widget-tx_info_box elh-el tx_info_box\" data-id=\"5a727d1\" data-element_type=\"widget\" data-settings=\"{&quot;design_style&quot;:&quot;style_1&quot;}\" data-widget_type=\"tx_info_box.default\">\n\t\t\t\t<div class=\"elementor-widget-container\">\n\t\t\t\t\t<div class=\"fti-project-4-card tx-infoBox down_up_left\">\r\n        <div class=\"main-img img-cover\">\r\n        <img decoding=\"async\" src=\"https:\/\/platner.com.br\/aco\/wp-content\/uploads\/2025\/09\/estrutura-metalica-1.jpg\"\r\n        alt=\"estrutura metalica\" \/>\r\n    <\/div>\r\n        <div class=\"content\">\r\n                <h4 class=\"fti-heading-3 project-title\">\r\n            <a\r\n                href=\"https:\/\/platner.com.br\/aco\/services\/sistemas-de-calhas\/\"\r\n                target=\"_self\"\r\n                rel= \"\"\r\n                aria-label=\"Estrutura met\u00e1lica\">\r\n                Estrutura met\u00e1lica            <\/a>\r\n        <\/h4>\r\n        \r\n                <p class=\"fti-para-4 disc tx-description\">Oferecemos projetos e instala\u00e7\u00e3o de estruturas met\u00e1licas sob medida.<\/p>\r\n            <\/div>\r\n\r\n        <div class=\"btn-wrap\">\r\n        <a href=\"https:\/\/platner.com.br\/aco\/services\/sistemas-de-calhas\/\" class=\"btn\">\r\n            <span class=\"icon\">\r\n                <i aria-hidden=\"true\" class=\"flaticon flaticon-up-right\"><\/i>            <\/span>\r\n        <\/a>\r\n    <\/div>\r\n    <\/div>\t\t\t\t<\/div>\n\t\t\t\t<\/div>\n\t\t\t\t\t<\/div>\n\t\t<\/div>\n\t\t\t\t<div class=\"elementor-column elementor-col-33 elementor-top-column elementor-element elementor-element-c13d49f\" data-id=\"c13d49f\" data-element_type=\"column\">\n\t\t\t<div class=\"elementor-widget-wrap elementor-element-populated\">\n\t\t\t\t\t\t<div class=\"elementor-element elementor-element-a269c69 elementor-widget elementor-widget-tx_info_box elh-el tx_info_box\" data-id=\"a269c69\" data-element_type=\"widget\" data-settings=\"{&quot;design_style&quot;:&quot;style_1&quot;}\" data-widget_type=\"tx_info_box.default\">\n\t\t\t\t<div class=\"elementor-widget-container\">\n\t\t\t\t\t<div class=\"fti-project-4-card tx-infoBox down_up_left\">\r\n        <div class=\"main-img img-cover\">\r\n        <img decoding=\"async\" src=\"https:\/\/platner.com.br\/aco\/wp-content\/uploads\/2025\/09\/13.jpg\"\r\n        alt=\"13\" \/>\r\n    <\/div>\r\n        <div class=\"content\">\r\n                <h4 class=\"fti-heading-3 project-title\">\r\n            <a\r\n                href=\"https:\/\/platner.com.br\/aco\/services\/divisorias-metalicas\/\"\r\n                target=\"_self\"\r\n                rel= \"\"\r\n                aria-label=\"Divis\u00f3rias Met\u00e1licas\">\r\n                Divis\u00f3rias Met\u00e1licas            <\/a>\r\n        <\/h4>\r\n        \r\n                <p class=\"fti-para-4 disc tx-description\">Instala\u00e7\u00e3o de divis\u00f3ria met\u00e1lica, utilizando materiais de alta qualidade.<\/p>\r\n            <\/div>\r\n\r\n        <div class=\"btn-wrap\">\r\n        <a href=\"https:\/\/platner.com.br\/aco\/services\/divisorias-metalicas\/\" class=\"btn\">\r\n            <span class=\"icon\">\r\n                <i aria-hidden=\"true\" class=\"flaticon flaticon-up-right\"><\/i>            <\/span>\r\n        <\/a>\r\n    <\/div>\r\n    <\/div>\t\t\t\t<\/div>\n\t\t\t\t<\/div>\n\t\t\t\t\t<\/div>\n\t\t<\/div>\n\t\t\t\t\t<\/div>\n\t\t<\/section>\n\t\t\t\t<section class=\"elementor-section elementor-top-section elementor-element elementor-element-6f0b268 elementor-section-boxed elementor-section-height-default elementor-section-height-default\" data-id=\"6f0b268\" data-element_type=\"section\">\n\t\t\t\t\t\t<div class=\"elementor-container elementor-column-gap-custom\">\n\t\t\t\t\t<div class=\"elementor-column elementor-col-33 elementor-top-column elementor-element elementor-element-8522eda\" data-id=\"8522eda\" data-element_type=\"column\">\n\t\t\t<div class=\"elementor-widget-wrap elementor-element-populated\">\n\t\t\t\t\t\t<div class=\"elementor-element elementor-element-844ac80 elementor-widget elementor-widget-tx_info_box elh-el tx_info_box\" data-id=\"844ac80\" data-element_type=\"widget\" data-settings=\"{&quot;design_style&quot;:&quot;style_1&quot;}\" data-widget_type=\"tx_info_box.default\">\n\t\t\t\t<div class=\"elementor-widget-container\">\n\t\t\t\t\t<div class=\"fti-project-4-card tx-infoBox down_up_right\">\r\n        <div class=\"main-img img-cover\">\r\n        <img decoding=\"async\" src=\"https:\/\/platner.com.br\/aco\/wp-content\/uploads\/2025\/07\/bim-projetos.jpg\"\r\n        alt=\"bim projetos\" \/>\r\n    <\/div>\r\n        <div class=\"content\">\r\n                <h4 class=\"fti-heading-3 project-title\">\r\n            <a\r\n                href=\"https:\/\/platner.com.br\/aco\/services\/modelagem-bim\/\"\r\n                target=\"_self\"\r\n                rel= \"\"\r\n                aria-label=\"Modelagem BIM de Estruturas\">\r\n                Modelagem BIM de Estruturas            <\/a>\r\n        <\/h4>\r\n        \r\n                <p class=\"fti-para-4 disc tx-description\"> Essa tecnologia tem a capacidade para lidar com muitas informa\u00e7\u00f5es.<\/p>\r\n            <\/div>\r\n\r\n        <div class=\"btn-wrap\">\r\n        <a href=\"https:\/\/platner.com.br\/aco\/services\/modelagem-bim\/\" class=\"btn\">\r\n            <span class=\"icon\">\r\n                <i aria-hidden=\"true\" class=\"flaticon flaticon-up-right\"><\/i>            <\/span>\r\n        <\/a>\r\n    <\/div>\r\n    <\/div>\t\t\t\t<\/div>\n\t\t\t\t<\/div>\n\t\t\t\t\t<\/div>\n\t\t<\/div>\n\t\t\t\t<div class=\"elementor-column elementor-col-33 elementor-top-column elementor-element elementor-element-93d288e\" data-id=\"93d288e\" data-element_type=\"column\">\n\t\t\t<div class=\"elementor-widget-wrap elementor-element-populated\">\n\t\t\t\t\t\t<div class=\"elementor-element elementor-element-4e7fe3b elementor-widget elementor-widget-tx_info_box elh-el tx_info_box\" data-id=\"4e7fe3b\" data-element_type=\"widget\" data-settings=\"{&quot;design_style&quot;:&quot;style_1&quot;}\" data-widget_type=\"tx_info_box.default\">\n\t\t\t\t<div class=\"elementor-widget-container\">\n\t\t\t\t\t<div class=\"fti-project-4-card tx-infoBox none\">\r\n        <div class=\"main-img img-cover\">\r\n        <img decoding=\"async\" src=\"https:\/\/platner.com.br\/aco\/wp-content\/uploads\/2025\/09\/DSC_2814-scaled.jpg\"\r\n        alt=\"DSC_2814\" \/>\r\n    <\/div>\r\n        <div class=\"content\">\r\n                <h4 class=\"fti-heading-3 project-title\">\r\n            <a\r\n                href=\"https:\/\/platner.com.br\/aco\/services\/estacao-tubo\/\"\r\n                target=\"_self\"\r\n                rel= \"\"\r\n                aria-label=\"Esta\u00e7\u00e3o tubo\">\r\n                Esta\u00e7\u00e3o tubo            <\/a>\r\n        <\/h4>\r\n        \r\n                <p class=\"fti-para-4 disc tx-description\">Fabrica\u00e7\u00e3o e instala\u00e7\u00e3o de Estruturas met\u00e1licas para esta\u00e7\u00e3o tubo.<\/p>\r\n            <\/div>\r\n\r\n        <div class=\"btn-wrap\">\r\n        <a href=\"https:\/\/platner.com.br\/aco\/services\/estacao-tubo\/\" class=\"btn\">\r\n            <span class=\"icon\">\r\n                <i aria-hidden=\"true\" class=\"flaticon flaticon-up-right\"><\/i>            <\/span>\r\n        <\/a>\r\n    <\/div>\r\n    <\/div>\t\t\t\t<\/div>\n\t\t\t\t<\/div>\n\t\t\t\t\t<\/div>\n\t\t<\/div>\n\t\t\t\t<div class=\"elementor-column elementor-col-33 elementor-top-column elementor-element elementor-element-4caebc8\" data-id=\"4caebc8\" data-element_type=\"column\">\n\t\t\t<div class=\"elementor-widget-wrap elementor-element-populated\">\n\t\t\t\t\t\t<div class=\"elementor-element elementor-element-2b97b09 elementor-widget elementor-widget-tx_info_box elh-el tx_info_box\" data-id=\"2b97b09\" data-element_type=\"widget\" data-settings=\"{&quot;design_style&quot;:&quot;style_1&quot;}\" data-widget_type=\"tx_info_box.default\">\n\t\t\t\t<div class=\"elementor-widget-container\">\n\t\t\t\t\t<div class=\"fti-project-4-card tx-infoBox down_up_right\">\r\n        <div class=\"main-img img-cover\">\r\n        <img decoding=\"async\" src=\"https:\/\/platner.com.br\/aco\/wp-content\/uploads\/2025\/09\/4.jpeg\"\r\n        alt=\"4\" \/>\r\n    <\/div>\r\n        <div class=\"content\">\r\n                <h4 class=\"fti-heading-3 project-title\">\r\n            <a\r\n                href=\"https:\/\/platner.com.br\/aco\/services\/cobertura-metalica\/\"\r\n                target=\"_self\"\r\n                rel= \"\"\r\n                aria-label=\"Cobertura metalica\">\r\n                Cobertura metalica            <\/a>\r\n        <\/h4>\r\n        \r\n                <p class=\"fti-para-4 disc tx-description\">O a\u00e7o \u00e9 um material 100% recicl\u00e1vel, o que lhe confere uma posi\u00e7\u00e3o de material sustent\u00e1vel.<\/p>\r\n            <\/div>\r\n\r\n        <div class=\"btn-wrap\">\r\n        <a href=\"https:\/\/platner.com.br\/aco\/services\/cobertura-metalica\/\" class=\"btn\">\r\n            <span class=\"icon\">\r\n                <i aria-hidden=\"true\" class=\"flaticon flaticon-up-right\"><\/i>            <\/span>\r\n        <\/a>\r\n    <\/div>\r\n    <\/div>\t\t\t\t<\/div>\n\t\t\t\t<\/div>\n\t\t\t\t\t<\/div>\n\t\t<\/div>\n\t\t\t\t\t<\/div>\n\t\t<\/section>\n\t\t<div class=\"elementor-element elementor-element-6dbe276 e-con-full e-flex e-con e-parent\" data-id=\"6dbe276\" data-element_type=\"container\" data-settings=\"{&quot;background_background&quot;:&quot;classic&quot;}\">\n\t\t\t\t<div class=\"elementor-element elementor-element-e72c265 elementor-widget elementor-widget-heading\" data-id=\"e72c265\" data-element_type=\"widget\" data-widget_type=\"heading.default\">\n\t\t\t\t<div class=\"elementor-widget-container\">\n\t\t\t\t\t<h3 class=\"elementor-heading-title elementor-size-default\">Segmentos Atendidos<\/h3>\t\t\t\t<\/div>\n\t\t\t\t<\/div>\n\t\t\t\t<div class=\"elementor-element elementor-element-36de305 elementor-widget elementor-widget-text-editor\" data-id=\"36de305\" data-element_type=\"widget\" data-widget_type=\"text-editor.default\">\n\t\t\t\t<div class=\"elementor-widget-container\">\n\t\t\t\t\t\t\t\t\t<p>Atuamos com empresas que buscam excel\u00eancia t\u00e9cnica e efici\u00eancia estrutural em projetos de m\u00e9dio e grande porte. <br \/>Nossos servi\u00e7os s\u00e3o voltados para:<\/p>\t\t\t\t\t\t\t\t<\/div>\n\t\t\t\t<\/div>\n\t\t<div class=\"elementor-element elementor-element-4b0060e e-con-full e-flex e-con e-child\" data-id=\"4b0060e\" data-element_type=\"container\">\n\t\t<div class=\"elementor-element elementor-element-af308d4 e-con-full e-flex e-con e-child\" data-id=\"af308d4\" data-element_type=\"container\">\n\t\t\t\t<div class=\"elementor-element elementor-element-42a3ca4 elementor-widget__width-initial elementor-widget-tablet__width-initial elementor-view-default elementor-position-top elementor-mobile-position-top elementor-widget elementor-widget-icon-box\" data-id=\"42a3ca4\" data-element_type=\"widget\" data-widget_type=\"icon-box.default\">\n\t\t\t\t<div class=\"elementor-widget-container\">\n\t\t\t\t\t\t\t<div class=\"elementor-icon-box-wrapper\">\n\n\t\t\t\t\t\t<div class=\"elementor-icon-box-icon\">\n\t\t\t\t<span  class=\"elementor-icon\">\n\t\t\t\t<i aria-hidden=\"true\" class=\"icofont icofont-settings-alt\"><\/i>\t\t\t\t<\/span>\n\t\t\t<\/div>\n\t\t\t\n\t\t\t\t\t\t<div class=\"elementor-icon-box-content\">\n\n\t\t\t\t\t\t\t\t\t<h3 class=\"elementor-icon-box-title\">\n\t\t\t\t\t\t<span  >\n\t\t\t\t\t\t\tInd\u00fastria\t\t\t\t\t\t<\/span>\n\t\t\t\t\t<\/h3>\n\t\t\t\t\n\t\t\t\t\t\t\t\t\t<p class=\"elementor-icon-box-description\">\n\t\t\t\t\t\tProjetos estruturais para plantas industriais, amplia\u00e7\u00e3o de f\u00e1bricas, funda\u00e7\u00f5es e estruturas met\u00e1licas.\t\t\t\t\t<\/p>\n\t\t\t\t\n\t\t\t<\/div>\n\t\t\t\n\t\t<\/div>\n\t\t\t\t\t\t<\/div>\n\t\t\t\t<\/div>\n\t\t\t\t<div class=\"elementor-element elementor-element-1d993eb elementor-widget__width-initial elementor-widget-tablet__width-initial elementor-widget-mobile__width-initial elementor-view-default elementor-position-top elementor-mobile-position-top elementor-widget elementor-widget-icon-box\" data-id=\"1d993eb\" data-element_type=\"widget\" data-widget_type=\"icon-box.default\">\n\t\t\t\t<div class=\"elementor-widget-container\">\n\t\t\t\t\t\t\t<div class=\"elementor-icon-box-wrapper\">\n\n\t\t\t\t\t\t<div class=\"elementor-icon-box-icon\">\n\t\t\t\t<span  class=\"elementor-icon\">\n\t\t\t\t<i aria-hidden=\"true\" class=\"fas fa-city\"><\/i>\t\t\t\t<\/span>\n\t\t\t<\/div>\n\t\t\t\n\t\t\t\t\t\t<div class=\"elementor-icon-box-content\">\n\n\t\t\t\t\t\t\t\t\t<h3 class=\"elementor-icon-box-title\">\n\t\t\t\t\t\t<span  >\n\t\t\t\t\t\t\tLog\u00edstica e Centros de Distribui\u00e7\u00e3o\t\t\t\t\t\t<\/span>\n\t\t\t\t\t<\/h3>\n\t\t\t\t\n\t\t\t\t\t\t\t\t\t<p class=\"elementor-icon-box-description\">\n\t\t\t\t\t\tGalp\u00f5es log\u00edsticos otimizados para performance estrutural e flexibilidade de opera\u00e7\u00e3o.\t\t\t\t\t<\/p>\n\t\t\t\t\n\t\t\t<\/div>\n\t\t\t\n\t\t<\/div>\n\t\t\t\t\t\t<\/div>\n\t\t\t\t<\/div>\n\t\t\t\t<div class=\"elementor-element elementor-element-5355951 elementor-widget__width-initial elementor-widget-mobile__width-initial elementor-view-default elementor-position-top elementor-mobile-position-top elementor-widget elementor-widget-icon-box\" data-id=\"5355951\" data-element_type=\"widget\" data-widget_type=\"icon-box.default\">\n\t\t\t\t<div class=\"elementor-widget-container\">\n\t\t\t\t\t\t\t<div class=\"elementor-icon-box-wrapper\">\n\n\t\t\t\t\t\t<div class=\"elementor-icon-box-icon\">\n\t\t\t\t<span  class=\"elementor-icon\">\n\t\t\t\t<i aria-hidden=\"true\" class=\"fas fa-user-cog\"><\/i>\t\t\t\t<\/span>\n\t\t\t<\/div>\n\t\t\t\n\t\t\t\t\t\t<div class=\"elementor-icon-box-content\">\n\n\t\t\t\t\t\t\t\t\t<h3 class=\"elementor-icon-box-title\">\n\t\t\t\t\t\t<span  >\n\t\t\t\t\t\t\tInfraestrutura e Obras P\u00fablicas\t\t\t\t\t\t<\/span>\n\t\t\t\t\t<\/h3>\n\t\t\t\t\n\t\t\t\t\t\t\t\t\t<p class=\"elementor-icon-box-description\">\n\t\t\t\t\t\tProjetos e consultorias em estruturas de a\u00e7o. M\u00e3o de obra especializado para desenvolvimento de projetos.\t\t\t\t\t<\/p>\n\t\t\t\t\n\t\t\t<\/div>\n\t\t\t\n\t\t<\/div>\n\t\t\t\t\t\t<\/div>\n\t\t\t\t<\/div>\n\t\t\t\t<\/div>\n\t\t<div class=\"elementor-element elementor-element-815c64a e-con-full e-flex e-con e-child\" data-id=\"815c64a\" data-element_type=\"container\">\n\t\t\t\t<div class=\"elementor-element elementor-element-e2816a0 elementor-widget__width-initial elementor-widget-tablet__width-initial elementor-view-default elementor-position-top elementor-mobile-position-top elementor-widget elementor-widget-icon-box\" data-id=\"e2816a0\" data-element_type=\"widget\" data-widget_type=\"icon-box.default\">\n\t\t\t\t<div class=\"elementor-widget-container\">\n\t\t\t\t\t\t\t<div class=\"elementor-icon-box-wrapper\">\n\n\t\t\t\t\t\t<div class=\"elementor-icon-box-icon\">\n\t\t\t\t<span  class=\"elementor-icon\">\n\t\t\t\t<i aria-hidden=\"true\" class=\"icofont icofont-users-social\"><\/i>\t\t\t\t<\/span>\n\t\t\t<\/div>\n\t\t\t\n\t\t\t\t\t\t<div class=\"elementor-icon-box-content\">\n\n\t\t\t\t\t\t\t\t\t<h3 class=\"elementor-icon-box-title\">\n\t\t\t\t\t\t<span  >\n\t\t\t\t\t\t\tComercial e Corporativo\t\t\t\t\t\t<\/span>\n\t\t\t\t\t<\/h3>\n\t\t\t\t\n\t\t\t\t\t\t\t\t\t<p class=\"elementor-icon-box-description\">\n\t\t\t\t\t\tProjetos para edif\u00edcios comerciais, centros de neg\u00f3cios e estruturas especiais com foco em estrutura met\u00e1lica.\t\t\t\t\t<\/p>\n\t\t\t\t\n\t\t\t<\/div>\n\t\t\t\n\t\t<\/div>\n\t\t\t\t\t\t<\/div>\n\t\t\t\t<\/div>\n\t\t\t\t<div class=\"elementor-element elementor-element-5cbfd47 elementor-widget__width-initial elementor-widget-tablet__width-initial elementor-view-default elementor-position-top elementor-mobile-position-top elementor-widget elementor-widget-icon-box\" data-id=\"5cbfd47\" data-element_type=\"widget\" data-widget_type=\"icon-box.default\">\n\t\t\t\t<div class=\"elementor-widget-container\">\n\t\t\t\t\t\t\t<div class=\"elementor-icon-box-wrapper\">\n\n\t\t\t\t\t\t<div class=\"elementor-icon-box-icon\">\n\t\t\t\t<span  class=\"elementor-icon\">\n\t\t\t\t<i aria-hidden=\"true\" class=\"fas fa-university\"><\/i>\t\t\t\t<\/span>\n\t\t\t<\/div>\n\t\t\t\n\t\t\t\t\t\t<div class=\"elementor-icon-box-content\">\n\n\t\t\t\t\t\t\t\t\t<h3 class=\"elementor-icon-box-title\">\n\t\t\t\t\t\t<span  >\n\t\t\t\t\t\t\tConstrutoras e Incorporadoras\t\t\t\t\t\t<\/span>\n\t\t\t\t\t<\/h3>\n\t\t\t\t\n\t\t\t\t\t\t\t\t\t<p class=\"elementor-icon-box-description\">\n\t\t\t\t\t\tApoio t\u00e9cnico especializado para desenvolvimento de projetos estruturais.\t\t\t\t\t<\/p>\n\t\t\t\t\n\t\t\t<\/div>\n\t\t\t\n\t\t<\/div>\n\t\t\t\t\t\t<\/div>\n\t\t\t\t<\/div>\n\t\t\t\t<\/div>\n\t\t\t\t<\/div>\n\t\t\t\t<\/div>\n\t\t<div class=\"elementor-element elementor-element-3f8ce7f e-flex e-con-boxed e-con e-parent\" data-id=\"3f8ce7f\" data-element_type=\"container\">\n\t\t\t\t\t<div class=\"e-con-inner\">\n\t\t\t\t\t<\/div>\n\t\t\t\t<\/div>\n\t\t\t\t<section class=\"elementor-section elementor-top-section elementor-element elementor-element-b3a3a5b elementor-section-full_width elementor-section-height-default elementor-section-height-default\" data-id=\"b3a3a5b\" data-element_type=\"section\">\n\t\t\t\t\t\t<div class=\"elementor-container elementor-column-gap-default\">\n\t\t\t\t\t<div class=\"elementor-column elementor-col-100 elementor-top-column elementor-element elementor-element-24fd3c0\" data-id=\"24fd3c0\" data-element_type=\"column\">\n\t\t\t<div class=\"elementor-widget-wrap elementor-element-populated\">\n\t\t\t\t\t\t<div class=\"elementor-element elementor-element-6d02726a elementor-widget elementor-widget-tx_cta elh-el tx_cta\" data-id=\"6d02726a\" data-element_type=\"widget\" data-settings=\"{&quot;design_style&quot;:&quot;style_2&quot;}\" data-widget_type=\"tx_cta.default\">\n\t\t\t\t<div class=\"elementor-widget-container\">\n\t\t\t\t\t<div class=\"fti-cta-4-area tx-section\">\r\n    <div class=\"container fti-container-9\">\r\n        <div class=\"fti-cta-4-wrap\">\r\n            <div class=\"fti-cta-4-content\">\r\n\r\n                                    <h5 class=\"fti-subtitle-5 tx-subTitle\"><\/h5>\r\n                <h2 class=\"tx-title fti-section-title-5 fti-split-text fti-split-in-right-4\">Qualidade e precis\u00e3o em todas as etapas\n\n<\/h2>                    <p class=\"fti-para-4 disc tx-description\">Solu\u00e7\u00f5es completas em a\u00e7o, sempre buscando a evolu\u00e7\u00e3o tecnol\u00f3gica e a efici\u00eancia dos processos, na constru\u00e7\u00e3o de empreendimentos de qualidade.\n\n<\/p>\r\n                \r\n                                <div class=\"btn-wrap\">\r\n                    <a class=\"fti-btn-pr-5 tx-button\"\r\n                        href=\"https:\/\/drive.google.com\/file\/d\/1zZCqbtWgglfuHlI3R5pVPpyuCyPT_2Dq\/view?usp=drive_link\"\r\n                        target=\"_self\"\r\n                        rel=\"\">\r\n\r\n                                                <span class=\"btn-text\">Acesse nosso folder ONLINE<\/span>\r\n                        \r\n                                                <span class=\"btn-icon\">\r\n                            <i aria-hidden=\"true\" class=\" fal fa-long-arrow-right\"><\/i>                        <\/span>\r\n                                            <\/a>\r\n                <\/div>\r\n                            <\/div>\r\n\r\n                        <div class=\"main-img img-cover\">\r\n                <img decoding=\"async\" src=\"https:\/\/platner.com.br\/aco\/wp-content\/uploads\/2025\/11\/Untitled-1-1.jpg\"\r\n                alt=\"Untitled-1-1.jpg\">\r\n            <\/div>\r\n                    <\/div>\r\n    <\/div>\r\n    <\/div>\t\t\t\t<\/div>\n\t\t\t\t<\/div>\n\t\t\t\t\t<\/div>\n\t\t<\/div>\n\t\t\t\t\t<\/div>\n\t\t<\/section>\n\t\t\t\t<\/div>\n\t\t","protected":false},"excerpt":{"rendered":"<p>Solu\u00e7\u00f5es Para atender as necessidades individuais de cada empreendimento. Barrac\u00f5es e Galp\u00f5es Met\u00e1licos Os barrac\u00f5es met\u00e1licos s\u00e3o a op\u00e7\u00e3o mais econ\u00f4mica e r\u00e1pida Estrutura met\u00e1lica Oferecemos projetos e instala\u00e7\u00e3o de estruturas met\u00e1licas sob medida. Divis\u00f3rias Met\u00e1licas Instala\u00e7\u00e3o de divis\u00f3ria met\u00e1lica, utilizando materiais de alta qualidade. Modelagem BIM de Estruturas Essa tecnologia tem a capacidade para [&hellip;]<\/p>\n","protected":false},"author":1,"featured_media":0,"parent":0,"menu_order":0,"comment_status":"closed","ping_status":"closed","template":"elementor_header_footer","meta":{"footnotes":""},"class_list":["post-34","page","type-page","status-publish","hentry"],"_links":{"self":[{"href":"https:\/\/platner.com.br\/aco\/wp-json\/wp\/v2\/pages\/34","targetHints":{"allow":["GET"]}}],"collection":[{"href":"https:\/\/platner.com.br\/aco\/wp-json\/wp\/v2\/pages"}],"about":[{"href":"https:\/\/platner.com.br\/aco\/wp-json\/wp\/v2\/types\/page"}],"author":[{"embeddable":true,"href":"https:\/\/platner.com.br\/aco\/wp-json\/wp\/v2\/users\/1"}],"replies":[{"embeddable":true,"href":"https:\/\/platner.com.br\/aco\/wp-json\/wp\/v2\/comments?post=34"}],"version-history":[{"count":277,"href":"https:\/\/platner.com.br\/aco\/wp-json\/wp\/v2\/pages\/34\/revisions"}],"predecessor-version":[{"id":7643,"href":"https:\/\/platner.com.br\/aco\/wp-json\/wp\/v2\/pages\/34\/revisions\/7643"}],"wp:attachment":[{"href":"https:\/\/platner.com.br\/aco\/wp-json\/wp\/v2\/media?parent=34"}],"curies":[{"name":"wp","href":"https:\/\/api.w.org\/{rel}","templated":true}]}}